{"id":36,"date":"2018-03-03T16:49:14","date_gmt":"2018-03-03T16:49:14","guid":{"rendered":"http:\/\/vwb-entsorgung.de\/?page_id=36"},"modified":"2018-03-08T09:02:12","modified_gmt":"2018-03-08T09:02:12","slug":"impressum","status":"publish","type":"page","link":"http:\/\/vwb-entsorgung.de\/?page_id=36","title":{"rendered":"Impressum"},"content":{"rendered":"<h1>Das Impressum<\/h1>\n<h2>Angaben gem\u00e4\u00df \u00a7 5 TMG:<\/h2>\n<p>VWB Entsorgungs- und Recycling GmbH<br \/>\nvertreten durch:\u00a0\u00a0 <strong>Susanne Oelkrug<\/strong>, Gesch\u00e4ftsf\u00fchrerin<\/p>\n<p>Zeppelinring 18<br \/>\n15749 Mittenwalde<\/p>\n<p>Registergericht:\u00a0Cottbus, HRB\u00a0 10871 CB<\/p>\n<h2>Kontakt:<\/h2>\n<table>\n<tbody>\n<tr>\n<td>Telefon:<\/td>\n<td>+49 33 75\u00a0 52\u00a099 887<\/td>\n<\/tr>\n<tr>\n<td>Mobil-Telefon:<\/td>\n<td>+49 <span>151 53 81 59 19<\/span><\/td>\n<\/tr>\n<tr>\n<td>Telefax:<\/td>\n<td>+49 33 75\u00a0 52\u00a099 889<\/td>\n<\/tr>\n<tr>\n<td>E-Mail:<\/td>\n<td>susanne.oelkrug@vwb-entsorgung.de<\/td>\n<\/tr>\n<\/tbody>\n<\/table>\n<p>&nbsp;<\/p>\n<h2>Verantwortlich f\u00fcr den Inhalt nach \u00a7 55 Abs. 2 RStV:<\/h2>\n<p>Susanne Oelkrug<\/p>\n<p>Quellenangaben f\u00fcr die verwendeten Bilder und Grafiken:<br \/>\n\u00a9 MBZ, Dirk Zeugmann, \u00a9 Copyright_2008_R.Carner\/ pixelio.de,<\/p>\n<hr \/>\n<h1>Haftungsausschluss (Disclaimer)<\/h1>\n<p><strong>Haftung f\u00fcr Inhalte<\/strong><\/p>\n<p>Als Diensteanbieter sind wir gem\u00e4\u00df \u00a7 7 Abs.1 TMG f\u00fcr eigene Inhalte auf diesen Seiten nach den allgemeinen Gesetzen verantwortlich. Nach \u00a7\u00a7 8 bis 10 TMG sind wir als Diensteanbieter jedoch nicht verpflichtet, \u00fcbermittelte oder gespeicherte fremde Informationen zu \u00fcberwachen oder nach Umst\u00e4nden zu forschen, die auf eine rechtswidrige T\u00e4tigkeit hinweisen. Verpflichtungen zur Entfernung oder Sperrung der Nutzung von Informationen nach den allgemeinen Gesetzen bleiben hiervon unber\u00fchrt. Eine diesbez\u00fcgliche Haftung ist jedoch erst ab dem Zeitpunkt der Kenntnis einer konkreten Rechtsverletzung m\u00f6glich. Bei Bekanntwerden von entsprechenden Rechtsverletzungen werden wir diese Inhalte umgehend entfernen.<\/p>\n<p><strong>Haftung f\u00fcr Links<\/strong><\/p>\n<p>Unser Angebot enth\u00e4lt Links zu externen Webseiten Dritter, auf deren Inhalte wir keinen Einfluss haben. Deshalb k\u00f6nnen wir f\u00fcr diese fremden Inhalte auch keine Gew\u00e4hr \u00fcbernehmen. F\u00fcr die Inhalte der verlinkten Seiten ist stets der jeweilige Anbieter oder Betreiber der Seiten verantwortlich. Die verlinkten Seiten wurden zum Zeitpunkt der Verlinkung auf m\u00f6gliche Rechtsverst\u00f6\u00dfe \u00fcberpr\u00fcft. Rechtswidrige Inhalte waren zum Zeitpunkt der Verlinkung nicht erkennbar. Eine permanente inhaltliche Kontrolle der verlinkten Seiten ist jedoch ohne konkrete Anhaltspunkte einer Rechtsverletzung nicht zumutbar. Bei Bekanntwerden von Rechtsverletzungen werden wir derartige Links umgehend entfernen.<\/p>\n<p><strong>Urheberrecht<\/strong><\/p>\n<p>Die durch die Seitenbetreiber erstellten Inhalte und Werke auf diesen Seiten unterliegen dem deutschen Urheberrecht. Die Vervielf\u00e4ltigung, Bearbeitung, Verbreitung und jede Art der Verwertung au\u00dferhalb der Grenzen des Urheberrechtes bed\u00fcrfen der schriftlichen Zustimmung des jeweiligen Autors bzw. Erstellers. Downloads und Kopien dieser Seite sind nur f\u00fcr den privaten, nicht kommerziellen Gebrauch gestattet. Soweit die Inhalte auf dieser Seite nicht vom Betreiber erstellt wurden, werden die Urheberrechte Dritter beachtet. Insbesondere werden Inhalte Dritter als solche gekennzeichnet. Sollten Sie trotzdem auf eine Urheberrechtsverletzung aufmerksam werden, bitten wir um einen entsprechenden Hinweis. Bei Bekanntwerden von Rechtsverletzungen werden wir derartige Inhalte umgehend entfernen.<\/p>\n","protected":false},"excerpt":{"rendered":"<p>Das Impressum Angaben gem\u00e4\u00df \u00a7 5 TMG: VWB Entsorgungs- und Recycling GmbH vertreten durch:\u00a0\u00a0 Susanne Oelkrug, Gesch\u00e4ftsf\u00fchrerin Zeppelinring 18 15749 Mittenwalde Registergericht:\u00a0Cottbus, HRB\u00a0 10871 CB Kontakt: Telefon: +49 33 75\u00a0 52\u00a099 887 Mobil-Telefon: +49 151 53 81 59 19 Telefax: +49 33 75\u00a0 52\u00a099 889 E-Mail: susanne.oelkrug@vwb-entsorgung.de &nbsp; Verantwortlich f\u00fcr [&hellip;]<\/p>\n","protected":false},"author":1,"featured_media":0,"parent":0,"menu_order":0,"comment_status":"closed","ping_status":"closed","template":"","meta":{"footnotes":""},"yoast_head":"<!-- This site is optimized with the Yoast SEO plugin v22.2 - https:\/\/yoast.com\/wordpress\/plugins\/seo\/ -->\n<title>Impressum - VWB Entsorgungs- und Recycling GmbH<\/title>\n<meta name=\"robots\" content=\"index, follow, max-snippet:-1, max-image-preview:large, max-video-preview:-1\" \/>\n<link rel=\"canonical\" href=\"http:\/\/vwb-entsorgung.de\/?page_id=36\" \/>\n<meta property=\"og:locale\" content=\"de_DE\" \/>\n<meta property=\"og:type\" content=\"article\" \/>\n<meta property=\"og:title\" content=\"Impressum - VWB Entsorgungs- und Recycling GmbH\" \/>\n<meta property=\"og:description\" content=\"Das Impressum Angaben gem\u00e4\u00df \u00a7 5 TMG: VWB Entsorgungs- und Recycling GmbH vertreten durch:\u00a0\u00a0 Susanne Oelkrug, Gesch\u00e4ftsf\u00fchrerin Zeppelinring 18 15749 Mittenwalde Registergericht:\u00a0Cottbus, HRB\u00a0 10871 CB Kontakt: Telefon: +49 33 75\u00a0 52\u00a099 887 Mobil-Telefon: +49 151 53 81 59 19 Telefax: +49 33 75\u00a0 52\u00a099 889 E-Mail: susanne.oelkrug@vwb-entsorgung.de &nbsp; Verantwortlich f\u00fcr [&hellip;]\" \/>\n<meta property=\"og:url\" content=\"http:\/\/vwb-entsorgung.de\/?page_id=36\" \/>\n<meta property=\"og:site_name\" content=\"VWB Entsorgungs- und Recycling GmbH\" \/>\n<meta property=\"article:modified_time\" content=\"2018-03-08T09:02:12+00:00\" \/>\n<meta name=\"twitter:card\" content=\"summary_large_image\" \/>\n<meta name=\"twitter:label1\" content=\"Gesch\u00e4tzte Lesezeit\" \/>\n\t<meta name=\"twitter:data1\" content=\"2\u00a0Minuten\" \/>\n<script type=\"application\/ld+json\" class=\"yoast-schema-graph\">{\"@context\":\"https:\/\/schema.org\",\"@graph\":[{\"@type\":\"WebPage\",\"@id\":\"http:\/\/vwb-entsorgung.de\/?page_id=36\",\"url\":\"http:\/\/vwb-entsorgung.de\/?page_id=36\",\"name\":\"Impressum - VWB Entsorgungs- und Recycling GmbH\",\"isPartOf\":{\"@id\":\"http:\/\/vwb-entsorgung.de\/#website\"},\"datePublished\":\"2018-03-03T16:49:14+00:00\",\"dateModified\":\"2018-03-08T09:02:12+00:00\",\"breadcrumb\":{\"@id\":\"http:\/\/vwb-entsorgung.de\/?page_id=36#breadcrumb\"},\"inLanguage\":\"de\",\"potentialAction\":[{\"@type\":\"ReadAction\",\"target\":[\"http:\/\/vwb-entsorgung.de\/?page_id=36\"]}]},{\"@type\":\"BreadcrumbList\",\"@id\":\"http:\/\/vwb-entsorgung.de\/?page_id=36#breadcrumb\",\"itemListElement\":[{\"@type\":\"ListItem\",\"position\":1,\"name\":\"Startseite\",\"item\":\"http:\/\/vwb-entsorgung.de\/\"},{\"@type\":\"ListItem\",\"position\":2,\"name\":\"Impressum\"}]},{\"@type\":\"WebSite\",\"@id\":\"http:\/\/vwb-entsorgung.de\/#website\",\"url\":\"http:\/\/vwb-entsorgung.de\/\",\"name\":\"VWB Entsorgungs- und Recycling GmbH\",\"description\":\"Wertstoffe fachgerecht entsorgen \",\"publisher\":{\"@id\":\"http:\/\/vwb-entsorgung.de\/#organization\"},\"potentialAction\":[{\"@type\":\"SearchAction\",\"target\":{\"@type\":\"EntryPoint\",\"urlTemplate\":\"http:\/\/vwb-entsorgung.de\/?s={search_term_string}\"},\"query-input\":\"required name=search_term_string\"}],\"inLanguage\":\"de\"},{\"@type\":\"Organization\",\"@id\":\"http:\/\/vwb-entsorgung.de\/#organization\",\"name\":\"VWB Entsorgungs- und Recycling GmbH\",\"url\":\"http:\/\/vwb-entsorgung.de\/\",\"logo\":{\"@type\":\"ImageObject\",\"inLanguage\":\"de\",\"@id\":\"http:\/\/vwb-entsorgung.de\/#\/schema\/logo\/image\/\",\"url\":\"http:\/\/vwb-entsorgung.de\/wp-content\/uploads\/2018\/03\/cropped-logo_vwb_kpl.jpg\",\"contentUrl\":\"http:\/\/vwb-entsorgung.de\/wp-content\/uploads\/2018\/03\/cropped-logo_vwb_kpl.jpg\",\"width\":816,\"height\":544,\"caption\":\"VWB Entsorgungs- und Recycling GmbH\"},\"image\":{\"@id\":\"http:\/\/vwb-entsorgung.de\/#\/schema\/logo\/image\/\"}}]}<\/script>\n<!-- \/ Yoast SEO plugin. -->","yoast_head_json":{"title":"Impressum - VWB Entsorgungs- und Recycling GmbH","robots":{"index":"index","follow":"follow","max-snippet":"max-snippet:-1","max-image-preview":"max-image-preview:large","max-video-preview":"max-video-preview:-1"},"canonical":"http:\/\/vwb-entsorgung.de\/?page_id=36","og_locale":"de_DE","og_type":"article","og_title":"Impressum - VWB Entsorgungs- und Recycling GmbH","og_description":"Das Impressum Angaben gem\u00e4\u00df \u00a7 5 TMG: VWB Entsorgungs- und Recycling GmbH vertreten durch:\u00a0\u00a0 Susanne Oelkrug, Gesch\u00e4ftsf\u00fchrerin Zeppelinring 18 15749 Mittenwalde Registergericht:\u00a0Cottbus, HRB\u00a0 10871 CB Kontakt: Telefon: +49 33 75\u00a0 52\u00a099 887 Mobil-Telefon: +49 151 53 81 59 19 Telefax: +49 33 75\u00a0 52\u00a099 889 E-Mail: susanne.oelkrug@vwb-entsorgung.de &nbsp; Verantwortlich f\u00fcr [&hellip;]","og_url":"http:\/\/vwb-entsorgung.de\/?page_id=36","og_site_name":"VWB Entsorgungs- und Recycling GmbH","article_modified_time":"2018-03-08T09:02:12+00:00","twitter_card":"summary_large_image","twitter_misc":{"Gesch\u00e4tzte Lesezeit":"2\u00a0Minuten"},"schema":{"@context":"https:\/\/schema.org","@graph":[{"@type":"WebPage","@id":"http:\/\/vwb-entsorgung.de\/?page_id=36","url":"http:\/\/vwb-entsorgung.de\/?page_id=36","name":"Impressum - VWB Entsorgungs- und Recycling GmbH","isPartOf":{"@id":"http:\/\/vwb-entsorgung.de\/#website"},"datePublished":"2018-03-03T16:49:14+00:00","dateModified":"2018-03-08T09:02:12+00:00","breadcrumb":{"@id":"http:\/\/vwb-entsorgung.de\/?page_id=36#breadcrumb"},"inLanguage":"de","potentialAction":[{"@type":"ReadAction","target":["http:\/\/vwb-entsorgung.de\/?page_id=36"]}]},{"@type":"BreadcrumbList","@id":"http:\/\/vwb-entsorgung.de\/?page_id=36#breadcrumb","itemListElement":[{"@type":"ListItem","position":1,"name":"Startseite","item":"http:\/\/vwb-entsorgung.de\/"},{"@type":"ListItem","position":2,"name":"Impressum"}]},{"@type":"WebSite","@id":"http:\/\/vwb-entsorgung.de\/#website","url":"http:\/\/vwb-entsorgung.de\/","name":"VWB Entsorgungs- und Recycling GmbH","description":"Wertstoffe fachgerecht entsorgen ","publisher":{"@id":"http:\/\/vwb-entsorgung.de\/#organization"},"potentialAction":[{"@type":"SearchAction","target":{"@type":"EntryPoint","urlTemplate":"http:\/\/vwb-entsorgung.de\/?s={search_term_string}"},"query-input":"required name=search_term_string"}],"inLanguage":"de"},{"@type":"Organization","@id":"http:\/\/vwb-entsorgung.de\/#organization","name":"VWB Entsorgungs- und Recycling GmbH","url":"http:\/\/vwb-entsorgung.de\/","logo":{"@type":"ImageObject","inLanguage":"de","@id":"http:\/\/vwb-entsorgung.de\/#\/schema\/logo\/image\/","url":"http:\/\/vwb-entsorgung.de\/wp-content\/uploads\/2018\/03\/cropped-logo_vwb_kpl.jpg","contentUrl":"http:\/\/vwb-entsorgung.de\/wp-content\/uploads\/2018\/03\/cropped-logo_vwb_kpl.jpg","width":816,"height":544,"caption":"VWB Entsorgungs- und Recycling GmbH"},"image":{"@id":"http:\/\/vwb-entsorgung.de\/#\/schema\/logo\/image\/"}}]}},"_links":{"self":[{"href":"http:\/\/vwb-entsorgung.de\/index.php?rest_route=\/wp\/v2\/pages\/36"}],"collection":[{"href":"http:\/\/vwb-entsorgung.de\/index.php?rest_route=\/wp\/v2\/pages"}],"about":[{"href":"http:\/\/vwb-entsorgung.de\/index.php?rest_route=\/wp\/v2\/types\/page"}],"author":[{"embeddable":true,"href":"http:\/\/vwb-entsorgung.de\/index.php?rest_route=\/wp\/v2\/users\/1"}],"replies":[{"embeddable":true,"href":"http:\/\/vwb-entsorgung.de\/index.php?rest_route=%2Fwp%2Fv2%2Fcomments&post=36"}],"version-history":[{"count":6,"href":"http:\/\/vwb-entsorgung.de\/index.php?rest_route=\/wp\/v2\/pages\/36\/revisions"}],"predecessor-version":[{"id":81,"href":"http:\/\/vwb-entsorgung.de\/index.php?rest_route=\/wp\/v2\/pages\/36\/revisions\/81"}],"wp:attachment":[{"href":"http:\/\/vwb-entsorgung.de\/index.php?rest_route=%2Fwp%2Fv2%2Fmedia&parent=36"}],"curies":[{"name":"wp","href":"https:\/\/api.w.org\/{rel}","templated":true}]}}